{"id":407,"date":"2026-02-06T17:11:38","date_gmt":"2026-02-06T16:11:38","guid":{"rendered":"https:\/\/archiv.dwa-server.de\/mesmerize-pro\/"},"modified":"2026-02-08T18:49:02","modified_gmt":"2026-02-08T17:49:02","slug":"mesmerize-pro","status":"publish","type":"page","link":"https:\/\/archiv.dwa-server.de\/en\/","title":{"rendered":"Front Page"},"content":{"rendered":"<div  data-label=\"Content\" data-id=\"content--1\" data-export-id=\"content-3\" data-category=\"content\" class=\"content-3 content-section content-section-spacing\" id=\"content-1\" style=\"background-color: rgb(255, 255, 255);\"><div > <div  class=\"row middle-xs\"><div  class=\"col-sm-7 full-col-left-padding full-col-right-padding\"> <div  class=\"row\"><div  data-type=\"column\" class=\"space-bottom-small content-title-col\">  <h2  class=\"\">Das Artikelarchiv \n<br >des Eldaring e. V.<\/h2> <p  class=\"\">Im Laufe der Jahre sind von Mitgliedern des Eldarings etliche hochwertige Artikel zu den verschiedensten Themen verfasst worden, auf aktuellem akademischen Wissensstand, aber allgemein verst\u00e4ndlich geschrieben. Viele davon sind in unserer Vereinszeitschrift Herdfeuer ver\u00f6ffentlicht worden. Vereinsmitglieder k\u00f6nnen die Herdfeuerausgaben als PDF anfordern.\n<br ><br >\nUm bestimmte Artikel oder Themen zu finden, nutze auf der Artikelseite die Suchfunktion, die Kategorien oder Schlagwortsuche.<br >\nViel Spa\u00df beim St\u00f6bern!&nbsp;<br ><br >\n<br ><\/p><\/div> <\/div> <div  class=\"row spaced-cols\" data-type=\"row\"> <div  class=\"col-xs-6\" data-type=\"column\"><a  class=\"button color1\" href=\"#\" target=\"_self\" data-cp-link=\"1\" data-icon=\"\">back to Eldaring Homepage<\/a>  <\/div>    <\/div><\/div> <div  class=\"col-sm-5 bg-image shadow-large-black revert-classes-holder\" data-bg=\"image\" style=\"background-image: url(&quot;https:\/\/archiv.dwa-server.de\/wp-content\/uploads\/2026\/02\/pjfjellstrom-runestone-3121854_1920.jpg&quot;);\"><\/div><\/div> <\/div><\/div>","protected":false},"excerpt":{"rendered":"<p>Das Artikelarchiv des Eldaring e. V. Im Laufe der Jahre sind von Mitgliedern des Eldarings etliche hochwertige Artikel zu den verschiedensten Themen verfasst worden, auf aktuellem akademischen Wissensstand, aber allgemein verst\u00e4ndlich geschrieben. Viele davon sind in unserer Vereinszeitschrift Herdfeuer ver\u00f6ffentlicht worden. Vereinsmitglieder k\u00f6nnen die Herdfeuerausgaben als PDF anfordern. Um bestimmte Artikel oder Themen zu finden,&hellip; <br \/> <a class=\"read-more\" href=\"https:\/\/archiv.dwa-server.de\/en\/\">Read more<\/a><\/p>","protected":false},"author":1,"featured_media":0,"parent":0,"menu_order":0,"comment_status":"closed","ping_status":"closed","template":"page-templates\/homepage.php","meta":{"footnotes":""},"class_list":["post-407","page","type-page","status-publish","hentry"],"_links":{"self":[{"href":"https:\/\/archiv.dwa-server.de\/en\/wp-json\/wp\/v2\/pages\/407","targetHints":{"allow":["GET"]}}],"collection":[{"href":"https:\/\/archiv.dwa-server.de\/en\/wp-json\/wp\/v2\/pages"}],"about":[{"href":"https:\/\/archiv.dwa-server.de\/en\/wp-json\/wp\/v2\/types\/page"}],"author":[{"embeddable":true,"href":"https:\/\/archiv.dwa-server.de\/en\/wp-json\/wp\/v2\/users\/1"}],"replies":[{"embeddable":true,"href":"https:\/\/archiv.dwa-server.de\/en\/wp-json\/wp\/v2\/comments?post=407"}],"version-history":[{"count":7,"href":"https:\/\/archiv.dwa-server.de\/en\/wp-json\/wp\/v2\/pages\/407\/revisions"}],"predecessor-version":[{"id":455,"href":"https:\/\/archiv.dwa-server.de\/en\/wp-json\/wp\/v2\/pages\/407\/revisions\/455"}],"wp:attachment":[{"href":"https:\/\/archiv.dwa-server.de\/en\/wp-json\/wp\/v2\/media?parent=407"}],"curies":[{"name":"wp","href":"https:\/\/api.w.org\/{rel}","templated":true}]}}